{"id":1152,"date":"2021-04-11T21:14:39","date_gmt":"2021-04-11T19:14:39","guid":{"rendered":"https:\/\/alte-schiffe.de\/agb\/"},"modified":"2025-08-25T12:54:55","modified_gmt":"2025-08-25T10:54:55","slug":"agb","status":"publish","type":"page","link":"https:\/\/sail-aglaia.com\/hafenladen\/agb\/","title":{"rendered":"AGB"},"content":{"rendered":"<h1>Allgemeine Gesch\u00e4ftsbedingungen<\/h1>\n<h3>\u00a7 1 Geltung, Begriffsdefinitionen<\/h3>\n<p>(1) Sail Aglaia e.V., Suhrenkamp 39, 22335 Hamburg, Deutschland (im Folgenden: \u201ewir\u201c oder \u201eAglaia Hafenladen\u201c) betreibt unter der Webseite https:\/\/sail-aglaia.com einen Online-Shop f\u00fcr Waren und Digitale G\u00fcter. Die nachfolgenden allgemeinen Gesch\u00e4ftsbedingungen gelten f\u00fcr alle Leistungen zwischen uns und unseren Kunden (im Folgenden: \u201eKunde\u201c oder \u201eSie\u201c) in ihrer zum Zeitpunkt der Bestellung g\u00fcltigen Fassung, soweit nicht etwas anderes ausdr\u00fccklich vereinbart wurde.<\/p>\n<p>(2) \u201eVerbraucher\u201c im Sinne dieser Gesch\u00e4ftsbedingungen ist jede nat\u00fcrliche Person, die ein Rechtsgesch\u00e4ft zu Zwecken abschlie\u00dft, die \u00fcberwiegend weder ihrer gewerblichen noch ihrer selbst\u00e4ndigen beruflichen T\u00e4tigkeit zugerechnet werden k\u00f6nnen. \u201eUnternehmer\u201c ist eine nat\u00fcrliche oder juristische Person oder eine rechtsf\u00e4hige Personengesellschaft, die bei Abschluss eines Rechtsgesch\u00e4fts in Aus\u00fcbung ihrer gewerblichen oder selbst\u00e4ndigen beruflichen T\u00e4tigkeit handelt, wobei eine rechtsf\u00e4hige Personengesellschaft eine Personengesellschaft ist, die mit der F\u00e4higkeit ausgestattet ist, Rechte zu erwerben und Verbindlichkeiten einzugehen.<\/p>\n<h3>\u00a7 2 Zustandekommen der Vertr\u00e4ge, Speicherung des Vertragstextes<\/h3>\n<p>(1) Die folgenden Regelungen \u00fcber den Vertragsabschluss gelten f\u00fcr Bestellungen \u00fcber unseren Online-Shop unter https:\/\/sail-aglaia.com.<\/p>\n<p>(2) Unsere Produktdarstellungen im Internet sind unverbindlich und kein verbindliches Angebot zum Abschluss eines Vertrages.<\/p>\n<p>(3) Bei Eingang einer Bestellung in unserem Online-Shop gelten folgende Regelungen: Der Kunde gibt ein bindendes Vertragsangebot ab, indem er die in unserem Online-Shop vorgesehene Bestellprozedur erfolgreich durchl\u00e4uft. Die Bestellung erfolgt in folgenden Schritten:<\/p>\n<ol>\n<li>Auswahl der gew\u00fcnschten Ware, der digitalen G\u00fcter,<\/li>\n<li>Hinzuf\u00fcgen der Produkte durch Anklicken des entsprechenden Buttons (z.B. \u201eIn den Warenkorb\u201c, \u201eIn die Einkaufstasche\u201c o.\u00e4.),<\/li>\n<li>Pr\u00fcfung der Angaben im Warenkorb,<\/li>\n<li>Aufrufen der Bestell\u00fcbersicht durch Anklicken des entsprechenden Buttons (z.B. \u201eWeiter zur Kasse\u201c, \u201eWeiter zur Zahlung\u201c, \u201eZur Bestell\u00fcbersicht\u201c o.\u00e4.),<\/li>\n<li>Eingabe\/Pr\u00fcfung der Adress- und Kontaktdaten, Auswahl der Zahlungsart, Best\u00e4tigung der AGB und Widerrufsbelehrung,<\/li>\n<li>Sofern die vereinbarte Beschaffenheit der Ware von deren \u00fcblichen Beschaffenheit und Verwendungsvoraussetzungen abweicht, Best\u00e4tigung einer negativen Beschaffenheitsvereinbarung,<\/li>\n<li>Abschluss der Bestellung durch Bet\u00e4tigung des Buttons \u201eJetzt kaufen\u201c. Dies stellt Ihre verbindliche Bestellung dar.<\/li>\n<li>Der Vertrag kommt zustande, indem Ihnen innerhalb von drei Werktagen an die angegebene E-Mail-Adresse eine Bestellbest\u00e4tigung von uns zugeht.<\/li>\n<\/ol>\n<p>(4) Im Falle des Vertragsschlusses kommt der Vertrag mit\u00a0Sail Aglaia e.V., Suhrenkamp 39, 22335 Hamburg, Deutschland zustande.<\/p>\n<p>(5) Vor der Bestellung k\u00f6nnen die Vertragsdaten \u00fcber die Druckfunktion des Browsers ausgedruckt oder elektronisch gesichert werden. Die Abwicklung der Bestellung und \u00dcbermittlung aller im Zusammenhang mit dem Vertragsschluss erforderlichen Informationen, insbesondere der Bestelldaten, der AGB und der Widerrufsbelehrung, erfolgt per E-Mail nach dem Ausl\u00f6sen der Bestellung durch Sie, zum Teil automatisiert. Wir speichern den Vertragstext nach Vertragsschluss nicht.<\/p>\n<p>(6) Eingabefehler k\u00f6nnen mittels der \u00fcblichen Tastatur-, Maus- und Browser-Funktionen (z.B. \u00bbZur\u00fcck-Button\u00ab des Browsers) berichtigt werden. Sie k\u00f6nnen auch dadurch berichtigt werden, dass Sie den Bestellvorgang vorzeitig abbrechen, das Browserfenster schlie\u00dfen und den Vorgang wiederholen.<\/p>\n<p>(7) Die Abwicklung der Bestellung und \u00dcbermittlung aller im Zusammenhang mit dem Vertragsschluss erforderlichen Informationen erfolgt per E-Mail zum Teil automatisiert. Sie haben deshalb sicherzustellen, dass die von Ihnen bei uns hinterlegte E-Mail-Adresse zutreffend ist, der Empfang der E-Mails technisch sichergestellt und insbesondere nicht durch SPAM-Filter verhindert wird.<\/p>\n<h3>\u00a7 3 Gegenstand des Vertrages und wesentliche Merkmale der Produkte<\/h3>\n<p>(1) Bei unserem Online-Shop ist Vertragsgegenstand:<\/p>\n<ol style=\"list-style-type: lower-alpha\">\n<li>Der Verkauf von Waren. Die konkret angebotenen Waren k\u00f6nnen Sie unseren Artikelseiten entnehmen.<\/li>\n<li>Der Verkauf von digitalen G\u00fctern, z.B. Software oder Mediendownloads. Die konkret angebotenen digitalen G\u00fcter k\u00f6nnen Sie unseren Artikelseiten entnehmen.<\/li>\n<\/ol>\n<p>(2) Sofern ein Vertrag \u00fcber Waren mit digitalen Elementen oder \u00fcber digitale Produkte (digitale Inhalte und Dienstleistungen) mit einem Verbraucher zustande kommt und die gesetzliche Aktualisierungspflicht nicht vertraglich wirksam ausgeschlossen wird, sind auch die funktionserhaltenden Aktualisierungen und erforderlichen Sicherheitsupdates Vertragsgegenstand.<\/p>\n<p>(3) Die wesentlichen Merkmale der Ware und digitalen G\u00fcter finden sich in der Artikelbeschreibung. Sofern die vereinbarte Beschaffenheit der Ware von deren \u00fcblichen Beschaffenheit und Verwendungsvoraussetzungen abweicht, wird darauf in der Artikelbeschreibung ausdr\u00fccklich hingewiesen (negative Beschaffenheitsvereinbarung). Soweit der Kunde seine ausdr\u00fcckliche Einwilligung in die negative Beschaffenheitsabweichung erteilt hat, definiert diese den Vertragsgegenstand.<\/p>\n<p>(4) F\u00fcr den Verkauf digitaler Produkte gelten die aus der Produktbeschreibung ersichtlichen oder sich sonst aus den Umst\u00e4nden ergebenden Beschr\u00e4nkungen, insbesondere zu Hard- und\/oder Softwareanforderungen an die Zielumgebung. Wenn nicht ausdr\u00fccklich etwas anderes vereinbart ist, ist Vertragsgegenstand nur die\u00a0private und gewerbliche Nutzung der Produkte ohne das Recht zur Weiterver\u00e4u\u00dferung oder Unterlizensierung.<\/p>\n<h3>\u00a7 4 Preise, Versandkosten und Lieferung<\/h3>\n<p>(1) Die in den jeweiligen Angeboten angef\u00fchrten Preise sowie die Versandkosten sind Gesamtpreise und beinhalten alle Preisbestandteile einschlie\u00dflich aller anfallenden Steuern.<\/p>\n<p>(2) Der jeweilige Kaufpreis ist vor der Lieferung des Produktes zu leisten (Vorkasse), es sei denn, wir bieten ausdr\u00fccklich den Kauf auf Rechnung an. Die Ihnen zur Verf\u00fcgung stehenden Zahlungsarten sind unter einer entsprechend bezeichneten Schaltfl\u00e4che im Online-Shop oder im jeweiligen Angebot ausgewiesen. Soweit bei den einzelnen Zahlungsarten nicht anders angegeben, sind die Zahlungsanspr\u00fcche sofort zur Zahlung f\u00e4llig.<\/p>\n<p>(3) Zus\u00e4tzlich zu den angegebenen Preisen k\u00f6nnen f\u00fcr die Lieferung von Produkten Versandkosten anfallen, sofern der jeweilige Artikel nicht als versandkostenfrei ausgewiesen ist. Die Versandkosten werden Ihnen auf den Angeboten, ggf. im Warenkorbsystem und auf der Bestell\u00fcbersicht nochmals deutlich mitgeteilt.<\/p>\n<p>(4) Alle angebotenen Produkte sind, sofern nicht in der Produktbeschreibung deutlich anders angegeben, sofort versandfertig (Lieferzeit: <span style=\"background-color: yellow\">[ Platziere den Wert f\u00fcr default_delivery_time_text ]<\/span> nach dem Eingang der Zahlung).<\/p>\n<p>(5) Es bestehen die folgenden Liefergebietsbeschr\u00e4nkungen: Die Lieferung erfolgt in folgende L\u00e4nder: Belgien, Deutschland, D\u00e4nemark, Irland, Niederlande, Polen, Schweden, \u00d6sterreich.<\/p>\n<p>(6) Scheitert die Zustellung der Ware aus Gr\u00fcnden, die Sie zu vertreten haben, tragen Sie die uns hierdurch entstehenden angemessenen Kosten. Dies gilt im Hinblick auf die Kosten f\u00fcr die Hinsendung nicht, wenn Sie Ihr Widerrufsrecht wirksam aus\u00fcben. F\u00fcr die R\u00fccksendekosten gilt bei wirksamer Aus\u00fcbung des Widerrufsrechts durch Sie die in der Widerrufsbelehrung von uns hierzu getroffenen Regelung.<\/p>\n<h3>\u00a7 5 Aktualisierungen, Updates, Mitwirkungspflichten des Verbrauchers<\/h3>\n<p>(1) Sofern ein Vertrag \u00fcber Waren mit digitalen Elementen oder \u00fcber digitale Produkte (digitale Inhalte und Dienstleistungen) mit einem Verbraucher zustande kommt und die gesetzliche Aktualisierungspflicht nicht vertraglich wirksam ausgeschlossen ist, werden dem Kunden regelm\u00e4\u00dfig Updates bereitgestellt, die die Funktionsf\u00e4higkeit und die (IT-)Sicherheit der Kaufsache gew\u00e4hrleisten (z.B. Sicherheitsupdates gegen neue Sicherheitsbedrohungen etc.).<\/p>\n<p>(2) Wir sind dazu befugt, zur Bereitstellung der Updates auch einen Dritten einzusetzen (z. B. den Hersteller oder seinen Lieferanten).<\/p>\n<p>(3) Der Zeitraum, in dem Updates bereitgestellt werden, h\u00e4ngt von der Art der jeweiligen Kaufsache ab und wird in der Artikelbeschreibung erl\u00e4utert.<\/p>\n<p>(4) Verbraucher werden \u00fcber die Bereitstellung von Updates sowie \u00fcber die sachgem\u00e4\u00dfe Installation dieser (<span style=\"background-color: yellow\">[ Platziere den Wert f\u00fcr agbs_v2_digital_aktualisierung_information ]<\/span>) informiert.<\/p>\n<p>(5) Der Kunde ist verpflichtet, bereitgestellte Updates sachgem\u00e4\u00df nach der Installationsanleitung zu installieren.<\/p>\n<h3>\u00a7 6 Zur\u00fcckbehaltungsrecht, Eigentumsvorbehalt<\/h3>\n<p>(1) Ein Zur\u00fcckbehaltungsrecht k\u00f6nnen Sie nur aus\u00fcben, soweit es sich um Forderungen aus demselben Vertragsverh\u00e4ltnis handelt.<\/p>\n<p>(2) Die Ware bleibt bis zur vollst\u00e4ndigen Zahlung des Kaufpreises unser Eigentum.<\/p>\n<h3>\u00a7 7 Widerrufsrecht<\/h3>\n<p>Als Verbraucher haben Sie ein Widerrufsrecht. Dieses richtet sich nach unserer <a href=\"https:\/\/sail-aglaia.com\/widerrufsbelehrung\/\">Widerrufsbelehrung<\/a>.<\/p>\n<h3>\u00a7 8 Vertragssprache<\/h3>\n<p>Als Vertragssprache steht ausschlie\u00dflich Deutsch zur Verf\u00fcgung.<\/p>\n<h3>\u00a7 9 Haftung<\/h3>\n<p>(1) Vorbehaltlich der nachfolgenden Ausnahmen ist unsere Haftung f\u00fcr vertragliche Pflichtverletzungen sowie aus unerlaubter Handlung auf Vorsatz oder grobe Fahrl\u00e4ssigkeit beschr\u00e4nkt.<\/p>\n<p>(2) Wir haften bei leichter Fahrl\u00e4ssigkeit im Falle der Verletzung des Lebens, des K\u00f6rpers, der Gesundheit oder bei Verletzung einer vertragswesentlichen Pflicht unbeschr\u00e4nkt. Wenn wir durch leichte Fahrl\u00e4ssigkeit mit der Leistung in Verzug geraten sind, wenn die Leistung unm\u00f6glich geworden ist oder wenn wir eine vertragswesentliche Pflicht verletzt haben, ist die Haftung f\u00fcr darauf zur\u00fcckzuf\u00fchrende Sach- und Verm\u00f6genssch\u00e4den auf den <strong>vertragstypisch vorhersehbaren Schaden<\/strong> begrenzt. Eine vertragswesentliche Pflicht ist eine solche, deren Erf\u00fcllung die ordnungsgem\u00e4\u00dfe Durchf\u00fchrung des Vertrages \u00fcberhaupt erst erm\u00f6glicht, deren Verletzung die Erreichung des Vertragszwecks gef\u00e4hrdet und auf deren Einhaltung Sie regelm\u00e4\u00dfig vertrauen d\u00fcrfen. Dazu geh\u00f6rt insbesondere unsere Pflicht zum T\u00e4tigwerden und der Erf\u00fcllung der vertraglich geschuldeten Leistung, die in \u00a7 3 beschrieben wird.<\/p>\n<p>(3) Unterl\u00e4sst es der Kunde beim Kauf einer Ware mit digitalen Elementen oder beim Kauf digitaler Produkte (digitale Inhalte und Dienstleistungen), eine Aktualisierung, die ihm bereitgestellt und \u00fcber deren Verf\u00fcgbarkeit er informiert worden ist, innerhalb einer angemessenen Frist zu installieren, so haften wir nicht f\u00fcr einen Sachmangel, der allein auf das Fehlen dieser Aktualisierung zur\u00fcckzuf\u00fchren ist.<\/p>\n<h3>\u00a7 10\u00a0Gew\u00e4hrleistung<\/h3>\n<p>(1) Die Gew\u00e4hrleistung richtet sich nach den gesetzlichen Bestimmungen.<\/p>\n<p>(2) Gegen\u00fcber Unternehmern betr\u00e4gt die Gew\u00e4hrleistungsfrist auf gelieferte Sachen 12 Monate.<\/p>\n<p>(3) Als Verbraucher werden Sie gebeten, die Sache\/die digitalen G\u00fcter oder die erbrachte Dienstleistung bei Vertragserf\u00fcllung umgehend auf Vollst\u00e4ndigkeit, offensichtliche M\u00e4ngel und Transportsch\u00e4den zu \u00fcberpr\u00fcfen und uns sowie dem Spediteur Beanstandungen schnellstm\u00f6glich mitzuteilen. Kommen Sie dem nicht nach, hat dies nat\u00fcrlich keine Auswirkung auf Ihre gesetzlichen Gew\u00e4hrleistungsanspr\u00fcche.<\/p>\n<h3>\u00a7 11\u00a0Schlussbestimmungen\/Streitbeilegung<\/h3>\n<p>(1) Es gilt deutsches Recht. Bei Verbrauchern gilt diese Rechtswahl nur, soweit hierdurch der durch zwingende Bestimmungen des Rechts des Staates des gew\u00f6hnlichen Aufenthaltes des Verbrauchers gew\u00e4hrte Schutz nicht entzogen wird (G\u00fcnstigkeitsprinzip).<\/p>\n<p>(2) Die Bestimmungen des UN-Kaufrechts finden ausdr\u00fccklich keine Anwendung.<\/p>\n<p>(3) Sofern es sich beim Kunden um einen Kaufmann, eine juristische Person des \u00f6ffentlichen Rechts oder um ein \u00f6ffentlich-rechtliches Sonderverm\u00f6gen handelt, ist Gerichtsstand f\u00fcr alle Streitigkeiten aus Vertragsverh\u00e4ltnissen zwischen dem Kunden und dem Anbieter der Sitz des Anbieters.<\/p>\n<p>(4) \n\nZur Teilnahme an einem Streitbeilegungsverfahren vor einer Verbraucherschlichtungsstelle sind wir nicht verpflichtet und nicht bereit.<\/p>\n","protected":false},"excerpt":{"rendered":"<p>Allgemeine Gesch\u00e4ftsbedingungen \u00a7 1 Geltung, Begriffsdefinitionen (1) Sail Aglaia e.V., Suhrenkamp 39, 22335 Hamburg, Deutschland (im Folgenden: \u201ewir\u201c oder \u201eAglaia Hafenladen\u201c) betreibt unter der Webseite https:\/\/sail-aglaia.com einen Online-Shop f\u00fcr Waren und Digitale G\u00fcter. Die nachfolgenden allgemeinen Gesch\u00e4ftsbedingungen gelten f\u00fcr alle Leistungen zwischen uns und unseren Kunden (im Folgenden: \u201eKunde\u201c oder \u201eSie\u201c) in ihrer zum Zeitpunkt [&hellip;]<\/p>\n","protected":false},"author":1,"featured_media":0,"parent":0,"menu_order":0,"comment_status":"closed","ping_status":"closed","template":"","meta":{"footnotes":""},"class_list":["post-1152","page","type-page","status-publish","hentry"],"_links":{"self":[{"href":"https:\/\/sail-aglaia.com\/hafenladen\/wp-json\/wp\/v2\/pages\/1152","targetHints":{"allow":["GET"]}}],"collection":[{"href":"https:\/\/sail-aglaia.com\/hafenladen\/wp-json\/wp\/v2\/pages"}],"about":[{"href":"https:\/\/sail-aglaia.com\/hafenladen\/wp-json\/wp\/v2\/types\/page"}],"author":[{"embeddable":true,"href":"https:\/\/sail-aglaia.com\/hafenladen\/wp-json\/wp\/v2\/users\/1"}],"replies":[{"embeddable":true,"href":"https:\/\/sail-aglaia.com\/hafenladen\/wp-json\/wp\/v2\/comments?post=1152"}],"version-history":[{"count":1,"href":"https:\/\/sail-aglaia.com\/hafenladen\/wp-json\/wp\/v2\/pages\/1152\/revisions"}],"predecessor-version":[{"id":1586,"href":"https:\/\/sail-aglaia.com\/hafenladen\/wp-json\/wp\/v2\/pages\/1152\/revisions\/1586"}],"wp:attachment":[{"href":"https:\/\/sail-aglaia.com\/hafenladen\/wp-json\/wp\/v2\/media?parent=1152"}],"curies":[{"name":"wp","href":"https:\/\/api.w.org\/{rel}","templated":true}]}}