{"id":1319,"date":"2025-08-22T15:46:03","date_gmt":"2025-08-22T13:46:03","guid":{"rendered":"https:\/\/sail-aglaia.com\/?post_type=product&#038;p=1319"},"modified":"2025-08-25T00:31:30","modified_gmt":"2025-08-24T22:31:30","slug":"1319","status":"publish","type":"product","link":"https:\/\/sail-aglaia.com\/hafenladen\/shop\/kleines-nuetzliches\/1319\/","title":{"rendered":"Flachmann"},"content":{"rendered":"","protected":false},"excerpt":{"rendered":"<p class=\"p1\"><b>Flachmann mit edlem Bambus-Finish, 175 ml<\/b><b><\/b><\/p>\n<p class=\"p2\">Dieser stilvolle Flachmann f\u00fcr Spirituosen oder Whiskey \u00fcberzeugt durch sein elegantes Bambus-Finish und ein Fassungsverm\u00f6gen von 175 ml. Er eignet sich ideal als Geschenk zu besonderen Anl\u00e4ssen. Da Bambus ein Naturmaterial ist, k\u00f6nnen Farbe und Ma\u00dfe leicht variieren \u2013 was jedes St\u00fcck zu einem Unikat macht und den Charakter der Veredelung individuell pr\u00e4gt.<\/p>\n","protected":false},"featured_media":1320,"template":"","meta":[],"product_brand":[],"product_cat":[110],"product_tag":[],"class_list":{"0":"post-1319","1":"product","2":"type-product","3":"status-publish","4":"has-post-thumbnail","6":"product_cat-kleines-nuetzliches","8":"first","9":"instock","10":"taxable","11":"shipping-taxable","12":"purchasable","13":"product-type-simple"},"_links":{"self":[{"href":"https:\/\/sail-aglaia.com\/hafenladen\/wp-json\/wp\/v2\/product\/1319","targetHints":{"allow":["GET"]}}],"collection":[{"href":"https:\/\/sail-aglaia.com\/hafenladen\/wp-json\/wp\/v2\/product"}],"about":[{"href":"https:\/\/sail-aglaia.com\/hafenladen\/wp-json\/wp\/v2\/types\/product"}],"wp:featuredmedia":[{"embeddable":true,"href":"https:\/\/sail-aglaia.com\/hafenladen\/wp-json\/wp\/v2\/media\/1320"}],"wp:attachment":[{"href":"https:\/\/sail-aglaia.com\/hafenladen\/wp-json\/wp\/v2\/media?parent=1319"}],"wp:term":[{"taxonomy":"product_brand","embeddable":true,"href":"https:\/\/sail-aglaia.com\/hafenladen\/wp-json\/wp\/v2\/product_brand?post=1319"},{"taxonomy":"product_cat","embeddable":true,"href":"https:\/\/sail-aglaia.com\/hafenladen\/wp-json\/wp\/v2\/product_cat?post=1319"},{"taxonomy":"product_tag","embeddable":true,"href":"https:\/\/sail-aglaia.com\/hafenladen\/wp-json\/wp\/v2\/product_tag?post=1319"}],"curies":[{"name":"wp","href":"https:\/\/api.w.org\/{rel}","templated":true}]}}