{"id":1356,"date":"2025-08-24T13:21:19","date_gmt":"2025-08-24T11:21:19","guid":{"rendered":"https:\/\/sail-aglaia.com\/?post_type=product&#038;p=1356"},"modified":"2026-02-14T16:40:42","modified_gmt":"2026-02-14T15:40:42","slug":"aglaia-crew-hoodie-2","status":"publish","type":"product","link":"https:\/\/sail-aglaia.com\/hafenladen\/shop\/matrosin\/aglaia-crew-hoodie-2\/","title":{"rendered":"Aglaia Crew-Hoodie"},"content":{"rendered":"<p class=\"p1\"><b>Produktbeschreibung<\/b><b><\/b><\/p>\n<p class=\"p2\">Maritimer Kapuzen-Sweater im Aglaia-Style aus schwerer, hochwertiger Baumwolle (ca. 290 g\/m\u00b2). Angenehm weich, formstabil und langlebig dank Antipilling-Ausr\u00fcstung. Mit Kapuze und Kordelzug, flie\u00dfender Schulternaht in die \u00c4rmel sowie Rippb\u00fcndchen an \u00c4rmeln und Saum. In der EU gefertigt \u2013 ideal f\u00fcr Crew, K\u00fcste und Alltag.<\/p>\n<p class=\"p1\"><b>Eigenschaften<\/b><b><\/b><\/p>\n<ul>\n<li>\n<p class=\"p1\">100 % Baumwolle<\/p>\n<\/li>\n<li>\n<p class=\"p1\">Stoffgewicht: ca. 290 g\/m\u00b2<\/p>\n<\/li>\n<li>\n<p class=\"p1\">Antipilling, formstabil<\/p>\n<\/li>\n<li>\n<p class=\"p1\">Kapuze mit Kordelzug<\/p>\n<\/li>\n<li>\n<p class=\"p1\">Rippb\u00fcndchen an \u00c4rmeln &amp; Saum<\/p>\n<\/li>\n<li>\n<p class=\"p1\">Herren: Basic-Schnitt<\/p>\n<\/li>\n<li>\n<p class=\"p1\">Damen: leicht taillierter Schnitt<\/p>\n<\/li>\n<li>\n<p class=\"p1\">Made in EU<\/p>\n<\/li>\n<\/ul>\n<p class=\"p1\"><b>Gr\u00f6\u00dfen<\/b><\/p>\n<p class=\"p1\">XS \u00b7 S \u00b7 M \u00b7 L \u00b7 XL \u00b7 2XL \u00b7 3XL<\/p>\n","protected":false},"excerpt":{"rendered":"<p>Aglaia Hoodi<\/p>\n","protected":false},"featured_media":1259,"template":"","meta":[],"product_brand":[],"product_cat":[106],"product_tag":[],"class_list":{"0":"post-1356","1":"product","2":"type-product","3":"status-publish","4":"has-post-thumbnail","6":"product_cat-matrosin","8":"first","9":"instock","10":"taxable","11":"shipping-taxable","12":"purchasable","13":"product-type-variable"},"_links":{"self":[{"href":"https:\/\/sail-aglaia.com\/hafenladen\/wp-json\/wp\/v2\/product\/1356","targetHints":{"allow":["GET"]}}],"collection":[{"href":"https:\/\/sail-aglaia.com\/hafenladen\/wp-json\/wp\/v2\/product"}],"about":[{"href":"https:\/\/sail-aglaia.com\/hafenladen\/wp-json\/wp\/v2\/types\/product"}],"wp:featuredmedia":[{"embeddable":true,"href":"https:\/\/sail-aglaia.com\/hafenladen\/wp-json\/wp\/v2\/media\/1259"}],"wp:attachment":[{"href":"https:\/\/sail-aglaia.com\/hafenladen\/wp-json\/wp\/v2\/media?parent=1356"}],"wp:term":[{"taxonomy":"product_brand","embeddable":true,"href":"https:\/\/sail-aglaia.com\/hafenladen\/wp-json\/wp\/v2\/product_brand?post=1356"},{"taxonomy":"product_cat","embeddable":true,"href":"https:\/\/sail-aglaia.com\/hafenladen\/wp-json\/wp\/v2\/product_cat?post=1356"},{"taxonomy":"product_tag","embeddable":true,"href":"https:\/\/sail-aglaia.com\/hafenladen\/wp-json\/wp\/v2\/product_tag?post=1356"}],"curies":[{"name":"wp","href":"https:\/\/api.w.org\/{rel}","templated":true}]}}