{"id":1527,"date":"2025-08-25T10:50:45","date_gmt":"2025-08-25T08:50:45","guid":{"rendered":"https:\/\/sail-aglaia.com\/?post_type=product&#038;p=1527"},"modified":"2026-01-14T12:58:09","modified_gmt":"2026-01-14T11:58:09","slug":"aglaia-fleecjacke","status":"publish","type":"product","link":"https:\/\/sail-aglaia.com\/hafenladen\/shop\/matrosin\/aglaia-fleecjacke\/","title":{"rendered":"Aglaia Fleecjacke"},"content":{"rendered":"<p class=\"p1\"><b>Produktbeschreibung<\/b><b><\/b><\/p>\n<p class=\"p2\">Maritime Damen-Fleecejacke im zeitlosen Aglaia-Style. Weiches, w\u00e4rmendes Fleece aus 100 % Polyester (ca. 280 g\/m\u00b2), angenehm zu tragen und formstabil. Leicht taillierter Schnitt mit hochwertigem YKK-Rei\u00dfverschluss und zwei praktischen Eingriffstaschen. Hergestellt in der EU \u2013 ideal f\u00fcr Crew, K\u00fcste und k\u00fchle Tage.<\/p>\n<p class=\"p1\"><b>Eigenschaften<\/b><b><\/b><\/p>\n<ul>\n<li>\n<p class=\"p1\">100 % Polyester<\/p>\n<\/li>\n<li>\n<p class=\"p1\">Stoffgewicht: ca. 280 g\/m\u00b2<\/p>\n<\/li>\n<li>\n<p class=\"p1\">W\u00e4rmend, pflegeleicht, formstabil<\/p>\n<\/li>\n<li>\n<p class=\"p1\">YKK-Rei\u00dfverschluss<\/p>\n<\/li>\n<li>\n<p class=\"p1\">2 Eingriffstaschen<\/p>\n<\/li>\n<li>\n<p class=\"p1\">Leicht taillierter Damenschnitt<\/p>\n<\/li>\n<li>\n<p class=\"p1\">Made in EU<\/p>\n<\/li>\n<\/ul>\n<p class=\"p1\"><b>Gr\u00f6\u00dfen<\/b><b><\/b><\/p>\n<p class=\"p2\">XS \u00b7 S \u00b7 M \u00b7 L \u00b7 XL \u00b7 2XL \u00b7 3XL<\/p>\n","protected":false},"excerpt":{"rendered":"<p>Aglaia Fleecejacke<\/p>\n","protected":false},"featured_media":1811,"template":"","meta":[],"product_brand":[],"product_cat":[106],"product_tag":[],"class_list":{"0":"post-1527","1":"product","2":"type-product","3":"status-publish","4":"has-post-thumbnail","6":"product_cat-matrosin","8":"first","9":"instock","10":"taxable","11":"shipping-taxable","12":"purchasable","13":"product-type-variable"},"_links":{"self":[{"href":"https:\/\/sail-aglaia.com\/hafenladen\/wp-json\/wp\/v2\/product\/1527","targetHints":{"allow":["GET"]}}],"collection":[{"href":"https:\/\/sail-aglaia.com\/hafenladen\/wp-json\/wp\/v2\/product"}],"about":[{"href":"https:\/\/sail-aglaia.com\/hafenladen\/wp-json\/wp\/v2\/types\/product"}],"wp:featuredmedia":[{"embeddable":true,"href":"https:\/\/sail-aglaia.com\/hafenladen\/wp-json\/wp\/v2\/media\/1811"}],"wp:attachment":[{"href":"https:\/\/sail-aglaia.com\/hafenladen\/wp-json\/wp\/v2\/media?parent=1527"}],"wp:term":[{"taxonomy":"product_brand","embeddable":true,"href":"https:\/\/sail-aglaia.com\/hafenladen\/wp-json\/wp\/v2\/product_brand?post=1527"},{"taxonomy":"product_cat","embeddable":true,"href":"https:\/\/sail-aglaia.com\/hafenladen\/wp-json\/wp\/v2\/product_cat?post=1527"},{"taxonomy":"product_tag","embeddable":true,"href":"https:\/\/sail-aglaia.com\/hafenladen\/wp-json\/wp\/v2\/product_tag?post=1527"}],"curies":[{"name":"wp","href":"https:\/\/api.w.org\/{rel}","templated":true}]}}