{"id":2062,"date":"2026-04-08T16:31:37","date_gmt":"2026-04-08T14:31:37","guid":{"rendered":"https:\/\/sail-aglaia.com\/hafenladen\/?post_type=product&#038;p=2062"},"modified":"2026-04-08T16:33:34","modified_gmt":"2026-04-08T14:33:34","slug":"tasse","status":"publish","type":"product","link":"https:\/\/sail-aglaia.com\/hafenladen\/shop\/kleines-nuetzliches\/tasse\/","title":{"rendered":"Tasse"},"content":{"rendered":"<p class=\"p1\"><b>Hochwertige Keramiktasse in gl\u00e4nzendem Wei\u00df mit 300 ml F\u00fcllmenge. Sp\u00fclmaschinenfest, alltagstauglich und ideal f\u00fcr Kaffee, Tee oder Kakao.<\/b><\/p>\n","protected":false},"excerpt":{"rendered":"<p>Hochwertige Keramiktasse in gl\u00e4nzendem Wei\u00df mit 300 ml F\u00fcllmenge. Sp\u00fclmaschinenfest, alltagstauglich und ideal f\u00fcr Kaffee, Tee oder Kakao.<\/p>\n","protected":false},"featured_media":2063,"template":"","meta":[],"product_brand":[],"product_cat":[110],"product_tag":[],"class_list":{"0":"post-2062","1":"product","2":"type-product","3":"status-publish","4":"has-post-thumbnail","6":"product_cat-kleines-nuetzliches","8":"first","9":"instock","10":"taxable","11":"shipping-taxable","12":"purchasable","13":"product-type-simple"},"_links":{"self":[{"href":"https:\/\/sail-aglaia.com\/hafenladen\/wp-json\/wp\/v2\/product\/2062","targetHints":{"allow":["GET"]}}],"collection":[{"href":"https:\/\/sail-aglaia.com\/hafenladen\/wp-json\/wp\/v2\/product"}],"about":[{"href":"https:\/\/sail-aglaia.com\/hafenladen\/wp-json\/wp\/v2\/types\/product"}],"wp:featuredmedia":[{"embeddable":true,"href":"https:\/\/sail-aglaia.com\/hafenladen\/wp-json\/wp\/v2\/media\/2063"}],"wp:attachment":[{"href":"https:\/\/sail-aglaia.com\/hafenladen\/wp-json\/wp\/v2\/media?parent=2062"}],"wp:term":[{"taxonomy":"product_brand","embeddable":true,"href":"https:\/\/sail-aglaia.com\/hafenladen\/wp-json\/wp\/v2\/product_brand?post=2062"},{"taxonomy":"product_cat","embeddable":true,"href":"https:\/\/sail-aglaia.com\/hafenladen\/wp-json\/wp\/v2\/product_cat?post=2062"},{"taxonomy":"product_tag","embeddable":true,"href":"https:\/\/sail-aglaia.com\/hafenladen\/wp-json\/wp\/v2\/product_tag?post=2062"}],"curies":[{"name":"wp","href":"https:\/\/api.w.org\/{rel}","templated":true}]}}